{"id":230,"date":"2024-05-23T16:53:35","date_gmt":"2024-05-23T14:53:35","guid":{"rendered":"https:\/\/empanadasargentinaspamplona.com\/?page_id=230"},"modified":"2024-06-12T20:41:56","modified_gmt":"2024-06-12T18:41:56","slug":"declaracion-de-accesibilidad","status":"publish","type":"page","link":"https:\/\/empanadasargentinaspamplona.com\/en\/declaracion-de-accesibilidad\/","title":{"rendered":"Declaracion de accesibilidad"},"content":{"rendered":"<div data-elementor-type=\"wp-page\" data-elementor-id=\"230\" class=\"elementor elementor-230\" data-elementor-post-type=\"page\">\n\t\t\t\t<div class=\"elementor-element elementor-element-9b786b9 e-flex e-con-boxed e-con e-parent\" data-id=\"9b786b9\" data-element_type=\"container\" data-settings=\"{&quot;background_background&quot;:&quot;classic&quot;}\">\n\t\t\t\t\t<div class=\"e-con-inner\">\n\t\t\t\t<div class=\"elementor-element elementor-element-30b81a5 elementor-widget elementor-widget-text-editor\" data-id=\"30b81a5\" data-element_type=\"widget\" data-widget_type=\"text-editor.default\">\n\t\t\t\t<div class=\"elementor-widget-container\">\n\t\t\t\t\t\t\t<p>declaraci\u00f3n de accesibilidad<\/p>\t\t\t\t\t\t<\/div>\n\t\t\t\t<\/div>\n\t\t\t\t<div class=\"elementor-element elementor-element-d9180ee elementor-widget-divider--view-line elementor-widget elementor-widget-divider\" data-id=\"d9180ee\" data-element_type=\"widget\" data-widget_type=\"divider.default\">\n\t\t\t\t<div class=\"elementor-widget-container\">\n\t\t\t\t\t<div class=\"elementor-divider\">\n\t\t\t<span class=\"elementor-divider-separator\">\n\t\t\t\t\t\t<\/span>\n\t\t<\/div>\n\t\t\t\t<\/div>\n\t\t\t\t<\/div>\n\t\t\t\t\t<\/div>\n\t\t\t\t<\/div>\n\t\t<div class=\"elementor-element elementor-element-22ff823 e-flex e-con-boxed e-con e-child\" data-id=\"22ff823\" data-element_type=\"container\">\n\t\t\t\t\t<div class=\"e-con-inner\">\n\t\t<div class=\"elementor-element elementor-element-7d84d89 e-flex e-con-boxed e-con e-child\" data-id=\"7d84d89\" data-element_type=\"container\">\n\t\t\t\t\t<div class=\"e-con-inner\">\n\t\t\t\t<div class=\"elementor-element elementor-element-7443d11 elementor-icon-list--layout-traditional elementor-list-item-link-full_width elementor-widget elementor-widget-icon-list\" data-id=\"7443d11\" data-element_type=\"widget\" data-widget_type=\"icon-list.default\">\n\t\t\t\t<div class=\"elementor-widget-container\">\n\t\t\t\t\t<ul class=\"elementor-icon-list-items\">\n\t\t\t\t\t\t\t<li class=\"elementor-icon-list-item\">\n\t\t\t\t\t\t\t\t\t\t\t<a href=\"https:\/\/empanadasargentinaspamplona.com\/en\">\n\n\t\t\t\t\t\t\t\t\t\t\t\t<span class=\"elementor-icon-list-icon\">\n\t\t\t\t\t\t\t<svg aria-hidden=\"true\" class=\"e-font-icon-svg e-fas-long-arrow-alt-left\" viewbox=\"0 0 448 512\" xmlns=\"http:\/\/www.w3.org\/2000\/svg\"><path d=\"M134.059 296H436c6.627 0 12-5.373 12-12v-56c0-6.627-5.373-12-12-12H134.059v-46.059c0-21.382-25.851-32.09-40.971-16.971L7.029 239.029c-9.373 9.373-9.373 24.569 0 33.941l86.059 86.059c15.119 15.119 40.971 4.411 40.971-16.971V296z\"><\/path><\/svg>\t\t\t\t\t\t<\/span>\n\t\t\t\t\t\t\t\t\t\t<span class=\"elementor-icon-list-text\">Volver<\/span>\n\t\t\t\t\t\t\t\t\t\t\t<\/a>\n\t\t\t\t\t\t\t\t\t<\/li>\n\t\t\t\t\t\t<\/ul>\n\t\t\t\t<\/div>\n\t\t\t\t<\/div>\n\t\t\t\t<div class=\"elementor-element elementor-element-debb6d6 elementor-widget elementor-widget-text-editor\" data-id=\"debb6d6\" data-element_type=\"widget\" data-widget_type=\"text-editor.default\">\n\t\t\t\t<div class=\"elementor-widget-container\">\n\t\t\t\t\t\t\t<p><span style=\"font-weight: 400;\">DOMA GASTRONOMICA SL se ha comprometido a hacer su sitio web, de conformidad con el <\/span><a href=\"https:\/\/www.boe.es\/buscar\/act.php?id=BOE-A-2018-12699\"><span style=\"font-weight: 400;\">Real Decreto 1112\/2018, de 7 de septiembre, sobre accesibilidad de los sitios web y aplicaciones para dispositivos m\u00f3viles del sector p\u00fablico<\/span><\/a><span style=\"font-weight: 400;\">.<\/span><\/p><p><span style=\"font-weight: 400;\">Este sitio web est\u00e1 parcialmente<\/span><b> conforme<\/b><span style=\"font-weight: 400;\"> con el <\/span><a href=\"https:\/\/www.boe.es\/diario_boe\/txt.php?id=BOE-A-2018-12699\"><span style=\"font-weight: 400;\">RD 1112\/2018<\/span><\/a><span style=\"font-weight: 400;\"> debido a las excepciones y a la falta de conformidad de los aspectos que se indican a continuaci\u00f3n.<\/span><\/p>\t\t\t\t\t\t<\/div>\n\t\t\t\t<\/div>\n\t\t\t\t<div class=\"elementor-element elementor-element-c9008c1 elementor-widget elementor-widget-text-editor\" data-id=\"c9008c1\" data-element_type=\"widget\" data-widget_type=\"text-editor.default\">\n\t\t\t\t<div class=\"elementor-widget-container\">\n\t\t\t\t\t\t\t<h2><span style=\"font-weight: 400;\">Contenido no accesible<\/span><\/h2>\t\t\t\t\t\t<\/div>\n\t\t\t\t<\/div>\n\t\t\t\t<div class=\"elementor-element elementor-element-f9496e2 elementor-widget elementor-widget-text-editor\" data-id=\"f9496e2\" data-element_type=\"widget\" data-widget_type=\"text-editor.default\">\n\t\t\t\t<div class=\"elementor-widget-container\">\n\t\t\t\t\t\t\t<p><span style=\"font-weight: 400;\">El contenido que se recoge a continuaci\u00f3n no es accesible por lo siguiente:<\/span><\/p><ul><li style=\"font-weight: 400;\" aria-level=\"1\"><span style=\"font-weight: 400;\">Falta de conformidad con el <\/span><a href=\"https:\/\/www.boe.es\/diario_boe\/txt.php?id=BOE-A-2018-12699\"><span style=\"font-weight: 400;\">RD 1112\/2018<\/span><\/a><span style=\"font-weight: 400;\">:<\/span><ul><li style=\"font-weight: 400;\" aria-level=\"2\"><span style=\"font-weight: 400;\">En el portal pueden existir contenidos en otros idiomas en los que no est\u00e1 etiquetado correctamente el cambio de idioma<\/span><\/li><li style=\"font-weight: 400;\" aria-level=\"2\"><span style=\"font-weight: 400;\">Existen v\u00eddeos sin subt\u00edtulos<\/span><\/li><li style=\"font-weight: 400;\" aria-level=\"2\"><span style=\"font-weight: 400;\">Hay contenido textual sin un contraste suficiente<\/span><\/li><li style=\"font-weight: 400;\" aria-level=\"2\"><span style=\"font-weight: 400;\">Se observa c\u00f3mo en algunos casos el foco no cumple con el m\u00ednimo ratio de contraste requerido<\/span><\/li><li style=\"font-weight: 400;\" aria-level=\"2\"><span style=\"font-weight: 400;\">En alg\u00fan caso puede producirse solapamiento de contenido<\/span><\/li><\/ul><\/li><li style=\"font-weight: 400;\" aria-level=\"1\"><span style=\"font-weight: 400;\">Carga desproporcionada:<\/span><ul><li style=\"font-weight: 400;\" aria-level=\"2\"><span style=\"font-weight: 400;\">No aplica.<\/span><\/li><\/ul><\/li><\/ul>\t\t\t\t\t\t<\/div>\n\t\t\t\t<\/div>\n\t\t\t\t<div class=\"elementor-element elementor-element-c89a734 elementor-widget elementor-widget-text-editor\" data-id=\"c89a734\" data-element_type=\"widget\" data-widget_type=\"text-editor.default\">\n\t\t\t\t<div class=\"elementor-widget-container\">\n\t\t\t\t\t\t\t<h2><span style=\"font-weight: 400;\">Preparaci\u00f3n de la presente declaraci\u00f3n de accesibilidad<\/span><\/h2>\t\t\t\t\t\t<\/div>\n\t\t\t\t<\/div>\n\t\t\t\t<div class=\"elementor-element elementor-element-d1154c1 elementor-widget elementor-widget-text-editor\" data-id=\"d1154c1\" data-element_type=\"widget\" data-widget_type=\"text-editor.default\">\n\t\t\t\t<div class=\"elementor-widget-container\">\n\t\t\t\t\t\t\t<p><span style=\"font-weight: 400;\">La presente declaraci\u00f3n fue preparada el 24 de febrero de 2023.<\/span><\/p><p><span style=\"font-weight: 400;\">El m\u00e9todo empleado para preparar la declaraci\u00f3n ha sido una autoevaluaci\u00f3n llevada a cabo por el propio organismo.<\/span><\/p><p><span style=\"font-weight: 400;\">\u00daltima revisi\u00f3n de la declaraci\u00f3n:24 de febrero de 2023.<\/span><\/p>\t\t\t\t\t\t<\/div>\n\t\t\t\t<\/div>\n\t\t\t\t<div class=\"elementor-element elementor-element-9618823 elementor-widget elementor-widget-text-editor\" data-id=\"9618823\" data-element_type=\"widget\" data-widget_type=\"text-editor.default\">\n\t\t\t\t<div class=\"elementor-widget-container\">\n\t\t\t\t\t\t\t<h2><span style=\"font-weight: 400;\">Observaciones y datos de contacto<\/span><\/h2>\t\t\t\t\t\t<\/div>\n\t\t\t\t<\/div>\n\t\t\t\t<div class=\"elementor-element elementor-element-08f1e2b elementor-widget elementor-widget-text-editor\" data-id=\"08f1e2b\" data-element_type=\"widget\" data-widget_type=\"text-editor.default\">\n\t\t\t\t<div class=\"elementor-widget-container\">\n\t\t\t\t\t\t\t<h3><span style=\"font-weight: 400;\">Comunicaciones sobre requisitos de accesibilidad<\/span><\/h3><p><span style=\"font-weight: 400;\">Puede realizar comunicaciones sobre requisitos de accesibilidad (art\u00edculo 10.2.a del RD 1112\/2018) como, por ejemplo:<\/span><\/p><ul><li style=\"font-weight: 400;\" aria-level=\"1\"><span style=\"font-weight: 400;\">Informar sobre cualquier posible incumplimiento por parte de este sitio web.<\/span><\/li><li style=\"font-weight: 400;\" aria-level=\"1\"><span style=\"font-weight: 400;\">Transmitir otras dificultades de acceso al contenido.<\/span><\/li><li style=\"font-weight: 400;\" aria-level=\"1\"><span style=\"font-weight: 400;\">Formular cualquier otra consulta o sugerencia de mejora relativa a la accesibilidad del sitio web.<\/span><\/li><\/ul><p><span style=\"font-weight: 400;\">A trav\u00e9s de las siguientes v\u00edas:<\/span><\/p><ul><li style=\"font-weight: 400;\" aria-level=\"1\"><span style=\"font-weight: 400;\">Correo electr\u00f3nico: <\/span><span style=\"font-weight: 400;\">email-empresa<\/span><\/li><li style=\"font-weight: 400;\" aria-level=\"1\"><span style=\"font-weight: 400;\">Tel\u00e9fono: <\/span><span style=\"font-weight: 400;\">tel\u00e9fono-empresa<\/span><\/li><\/ul><p><span style=\"font-weight: 400;\">Las comunicaciones ser\u00e1n recibidas y tratadas por la Unidad Responsable de Accesibilidad.<\/span><\/p><h3><span style=\"font-weight: 400;\">Solicitudes de informaci\u00f3n accesible y quejas<\/span><\/h3><p><span style=\"font-weight: 400;\">A trav\u00e9s de nuestros datos de contacto puede presentar quejas de:<\/span><\/p><ul><li style=\"font-weight: 400;\" aria-level=\"1\"><span style=\"font-weight: 400;\">una Queja relativa al cumplimiento de los requisitos del RD 1112\/2018 o<\/span><\/li><li style=\"font-weight: 400;\" aria-level=\"1\"><span style=\"font-weight: 400;\">una Solicitud de Informaci\u00f3n accesible relativa a:<\/span><ul><li style=\"font-weight: 400;\" aria-level=\"2\"><span style=\"font-weight: 400;\">contenidos que est\u00e1n excluidos del \u00e1mbito de aplicaci\u00f3n del RD 1112\/2018 seg\u00fan lo establecido por el art\u00edculo 3, apartado 4<\/span><\/li><li style=\"font-weight: 400;\" aria-level=\"2\"><span style=\"font-weight: 400;\">contenidos que est\u00e1n exentos del cumplimiento de los requisitos de accesibilidad por imponer una carga desproporcionada.<\/span><\/li><\/ul><\/li><\/ul><p><span style=\"font-weight: 400;\">En la Solicitud de informaci\u00f3n accesible, se debe concretar, con toda claridad, los hechos, razones y petici\u00f3n que permitan constatar que se trata de una solicitud razonable y leg\u00edtima.<\/span><\/p>\t\t\t\t\t\t<\/div>\n\t\t\t\t<\/div>\n\t\t\t\t<div class=\"elementor-element elementor-element-5e888ba elementor-widget elementor-widget-text-editor\" data-id=\"5e888ba\" data-element_type=\"widget\" data-widget_type=\"text-editor.default\">\n\t\t\t\t<div class=\"elementor-widget-container\">\n\t\t\t\t\t\t\t<h2><span style=\"font-weight: 400;\">Procedimiento de aplicaci\u00f3n<\/span><\/h2>\t\t\t\t\t\t<\/div>\n\t\t\t\t<\/div>\n\t\t\t\t<div class=\"elementor-element elementor-element-a8f2148 elementor-widget elementor-widget-text-editor\" data-id=\"a8f2148\" data-element_type=\"widget\" data-widget_type=\"text-editor.default\">\n\t\t\t\t<div class=\"elementor-widget-container\">\n\t\t\t\t\t\t\t<p><span style=\"font-weight: 400;\">Si una vez realizada una solicitud de informaci\u00f3n accesible o queja, esta hubiera sido desestimada, no se estuviera de acuerdo con la decisi\u00f3n adoptada, o la respuesta no cumpliera los requisitos contemplados en el art\u00edculo 12.5 del RD 1112\/2018, la persona interesada podr\u00e1 iniciar una reclamaci\u00f3n. Igualmente se podr\u00e1 iniciar una reclamaci\u00f3n en el caso de no haber obtenido respuesta.<\/span><\/p><p><span style=\"font-weight: 400;\">Enlace al <\/span><a href=\"https:\/\/sedeminhap.gob.es\/es-ES\/Organos\/SecretariaGeneralTecnica\/Procedimientos\/Paginas\/Default.aspx?IdProcedimiento=1771&amp;p=2\"><span style=\"font-weight: 400;\">procedimiento de reclamaci\u00f3n <\/span><\/a><span style=\"font-weight: 400;\">, que debe dirigir a la Unidad responsable de accesibilidad de este Ministerio, o si la reclamaci\u00f3n es por una actuaci\u00f3n de dicha Unidad, al superior jer\u00e1rquico de \u00e9sta.<\/span><\/p>\t\t\t\t\t\t<\/div>\n\t\t\t\t<\/div>\n\t\t\t\t<div class=\"elementor-element elementor-element-db9869f elementor-widget elementor-widget-text-editor\" data-id=\"db9869f\" data-element_type=\"widget\" data-widget_type=\"text-editor.default\">\n\t\t\t\t<div class=\"elementor-widget-container\">\n\t\t\t\t\t\t\t<h2><span style=\"font-weight: 400;\">Contenido opcional<\/span><\/h2>\t\t\t\t\t\t<\/div>\n\t\t\t\t<\/div>\n\t\t\t\t<div class=\"elementor-element elementor-element-ddf0f55 elementor-widget elementor-widget-text-editor\" data-id=\"ddf0f55\" data-element_type=\"widget\" data-widget_type=\"text-editor.default\">\n\t\t\t\t<div class=\"elementor-widget-container\">\n\t\t\t\t\t\t\t<ul><li style=\"font-weight: 400;\" aria-level=\"1\"><span style=\"font-weight: 400;\">La versi\u00f3n actualmente visible de este sitio web es de febrero de 2023 y en esa fecha se hizo la revisi\u00f3n del nivel de accesibilidad vigente en aquel momento.<\/span><\/li><li style=\"font-weight: 400;\" aria-level=\"1\"><span style=\"font-weight: 400;\">Se ha dise\u00f1ado adapt\u00e1ndose a los est\u00e1ndares y normativas vigentes con relaci\u00f3n a la accesibilidad, cumpliendo con los puntos de verificaci\u00f3n de prioridad 2 (AA) definidos en la especificaci\u00f3n de Pautas de Accesibilidad al Contenido en la Web (WCAG 2.1).<\/span><\/li><li style=\"font-weight: 400;\" aria-level=\"1\"><span style=\"font-weight: 400;\">Est\u00e1 optimizado para las \u00faltimas versiones vigentes de Chrome, Edge, Firefox, Safari y Opera.<\/span><\/li><li style=\"font-weight: 400;\" aria-level=\"1\"><span style=\"font-weight: 400;\">Est\u00e1 dise\u00f1ado para su correcta visualizaci\u00f3n en cualquier resoluci\u00f3n y dispositivo de escritorio, tabletas o m\u00f3viles (dise\u00f1o <\/span><i><span style=\"font-weight: 400;\">responsive<\/span><\/i><span style=\"font-weight: 400;\">).<\/span><\/li><li style=\"font-weight: 400;\" aria-level=\"1\"><span style=\"font-weight: 400;\">Utilizaci\u00f3n de texto alternativo en las im\u00e1genes.<\/span><\/li><li style=\"font-weight: 400;\" aria-level=\"1\"><span style=\"font-weight: 400;\">Los enlaces ofrecen detalles de la funci\u00f3n o destino del hiperv\u00ednculo.<\/span><\/li><li style=\"font-weight: 400;\" aria-level=\"1\"><span style=\"font-weight: 400;\">Se ha realizado utilizando HTML5 como lenguaje de marcado y hojas de estilo CSS 3 para su dise\u00f1o.<\/span><\/li><\/ul>\t\t\t\t\t\t<\/div>\n\t\t\t\t<\/div>\n\t\t\t\t\t<\/div>\n\t\t\t\t<\/div>\n\t\t\t\t\t<\/div>\n\t\t\t\t<\/div>\n\t\t\t\t<\/div>","protected":false},"excerpt":{"rendered":"<p>declaraci\u00f3n de accesibilidad Volver DOMA GASTRONOMICA SL se ha comprometido a hacer su sitio web, de conformidad con el Real Decreto 1112\/2018, de 7 de septiembre, sobre accesibilidad de los sitios web y aplicaciones para dispositivos m\u00f3viles del sector p\u00fablico. Este sitio web est\u00e1 parcialmente conforme con el RD 1112\/2018 debido a las excepciones y [&hellip;]<\/p>","protected":false},"author":1,"featured_media":0,"parent":0,"menu_order":0,"comment_status":"closed","ping_status":"closed","template":"elementor_canvas","meta":{"footnotes":""},"class_list":["post-230","page","type-page","status-publish","hentry"],"yoast_head":"<!-- This site is optimized with the Yoast SEO plugin v22.8 - https:\/\/yoast.com\/wordpress\/plugins\/seo\/ -->\n<title>Declaracion de accesibilidad - Empanadas Argentinas<\/title>\n<meta name=\"robots\" content=\"index, follow, max-snippet:-1, max-image-preview:large, max-video-preview:-1\" \/>\n<link rel=\"canonical\" href=\"https:\/\/empanadasargentinaspamplona.com\/en\/declaracion-de-accesibilidad\/\" \/>\n<meta property=\"og:locale\" content=\"en_GB\" \/>\n<meta property=\"og:type\" content=\"article\" \/>\n<meta property=\"og:title\" content=\"Declaracion de accesibilidad - Empanadas Argentinas\" \/>\n<meta property=\"og:description\" content=\"declaraci\u00f3n de accesibilidad Volver DOMA GASTRONOMICA SL se ha comprometido a hacer su sitio web, de conformidad con el Real Decreto 1112\/2018, de 7 de septiembre, sobre accesibilidad de los sitios web y aplicaciones para dispositivos m\u00f3viles del sector p\u00fablico. Este sitio web est\u00e1 parcialmente conforme con el RD 1112\/2018 debido a las excepciones y [&hellip;]\" \/>\n<meta property=\"og:url\" content=\"https:\/\/empanadasargentinaspamplona.com\/en\/declaracion-de-accesibilidad\/\" \/>\n<meta property=\"og:site_name\" content=\"Empanadas Argentinas\" \/>\n<meta property=\"article:publisher\" content=\"https:\/\/www.facebook.com\/lasdepichi\" \/>\n<meta property=\"article:modified_time\" content=\"2024-06-12T18:41:56+00:00\" \/>\n<meta name=\"twitter:card\" content=\"summary_large_image\" \/>\n<meta name=\"twitter:label1\" content=\"Estimated reading time\" \/>\n\t<meta name=\"twitter:data1\" content=\"3 minutes\" \/>\n<script type=\"application\/ld+json\" class=\"yoast-schema-graph\">{\"@context\":\"https:\/\/schema.org\",\"@graph\":[{\"@type\":\"WebPage\",\"@id\":\"https:\/\/empanadasargentinaspamplona.com\/declaracion-de-accesibilidad\/\",\"url\":\"https:\/\/empanadasargentinaspamplona.com\/declaracion-de-accesibilidad\/\",\"name\":\"Declaracion de accesibilidad - Empanadas Argentinas\",\"isPartOf\":{\"@id\":\"https:\/\/empanadasargentinaspamplona.com\/#website\"},\"datePublished\":\"2024-05-23T14:53:35+00:00\",\"dateModified\":\"2024-06-12T18:41:56+00:00\",\"breadcrumb\":{\"@id\":\"https:\/\/empanadasargentinaspamplona.com\/declaracion-de-accesibilidad\/#breadcrumb\"},\"inLanguage\":\"en-GB\",\"potentialAction\":[{\"@type\":\"ReadAction\",\"target\":[\"https:\/\/empanadasargentinaspamplona.com\/declaracion-de-accesibilidad\/\"]}]},{\"@type\":\"BreadcrumbList\",\"@id\":\"https:\/\/empanadasargentinaspamplona.com\/declaracion-de-accesibilidad\/#breadcrumb\",\"itemListElement\":[{\"@type\":\"ListItem\",\"position\":1,\"name\":\"Inicio\",\"item\":\"https:\/\/empanadasargentinaspamplona.com\/\"},{\"@type\":\"ListItem\",\"position\":2,\"name\":\"Declaracion de accesibilidad\"}]},{\"@type\":\"WebSite\",\"@id\":\"https:\/\/empanadasargentinaspamplona.com\/#website\",\"url\":\"https:\/\/empanadasargentinaspamplona.com\/\",\"name\":\"Empanadas Argentinas\",\"description\":\"Empanadas Argentinas caseras en Pamplona\",\"publisher\":{\"@id\":\"https:\/\/empanadasargentinaspamplona.com\/#organization\"},\"alternateName\":\"Empanadas Caseras\",\"potentialAction\":[{\"@type\":\"SearchAction\",\"target\":{\"@type\":\"EntryPoint\",\"urlTemplate\":\"https:\/\/empanadasargentinaspamplona.com\/?s={search_term_string}\"},\"query-input\":\"required name=search_term_string\"}],\"inLanguage\":\"en-GB\"},{\"@type\":\"Organization\",\"@id\":\"https:\/\/empanadasargentinaspamplona.com\/#organization\",\"name\":\"Empanadas Argentinas\",\"alternateName\":\"empanadas caseras\",\"url\":\"https:\/\/empanadasargentinaspamplona.com\/\",\"logo\":{\"@type\":\"ImageObject\",\"inLanguage\":\"en-GB\",\"@id\":\"https:\/\/empanadasargentinaspamplona.com\/#\/schema\/logo\/image\/\",\"url\":\"https:\/\/empanadasargentinaspamplona.com\/wp-content\/uploads\/2024\/05\/logo-con-espacio.svg\",\"contentUrl\":\"https:\/\/empanadasargentinaspamplona.com\/wp-content\/uploads\/2024\/05\/logo-con-espacio.svg\",\"width\":110,\"height\":71,\"caption\":\"Empanadas Argentinas\"},\"image\":{\"@id\":\"https:\/\/empanadasargentinaspamplona.com\/#\/schema\/logo\/image\/\"},\"sameAs\":[\"https:\/\/www.facebook.com\/lasdepichi\",\"https:\/\/www.instagram.com\/lasdepichi\/\"]}]}<\/script>\n<!-- \/ Yoast SEO plugin. -->","yoast_head_json":{"title":"Declaracion de accesibilidad - Empanadas Argentinas","robots":{"index":"index","follow":"follow","max-snippet":"max-snippet:-1","max-image-preview":"max-image-preview:large","max-video-preview":"max-video-preview:-1"},"canonical":"https:\/\/empanadasargentinaspamplona.com\/en\/declaracion-de-accesibilidad\/","og_locale":"en_GB","og_type":"article","og_title":"Declaracion de accesibilidad - Empanadas Argentinas","og_description":"declaraci\u00f3n de accesibilidad Volver DOMA GASTRONOMICA SL se ha comprometido a hacer su sitio web, de conformidad con el Real Decreto 1112\/2018, de 7 de septiembre, sobre accesibilidad de los sitios web y aplicaciones para dispositivos m\u00f3viles del sector p\u00fablico. Este sitio web est\u00e1 parcialmente conforme con el RD 1112\/2018 debido a las excepciones y [&hellip;]","og_url":"https:\/\/empanadasargentinaspamplona.com\/en\/declaracion-de-accesibilidad\/","og_site_name":"Empanadas Argentinas","article_publisher":"https:\/\/www.facebook.com\/lasdepichi","article_modified_time":"2024-06-12T18:41:56+00:00","twitter_card":"summary_large_image","twitter_misc":{"Estimated reading time":"3 minutes"},"schema":{"@context":"https:\/\/schema.org","@graph":[{"@type":"WebPage","@id":"https:\/\/empanadasargentinaspamplona.com\/declaracion-de-accesibilidad\/","url":"https:\/\/empanadasargentinaspamplona.com\/declaracion-de-accesibilidad\/","name":"Declaracion de accesibilidad - Empanadas Argentinas","isPartOf":{"@id":"https:\/\/empanadasargentinaspamplona.com\/#website"},"datePublished":"2024-05-23T14:53:35+00:00","dateModified":"2024-06-12T18:41:56+00:00","breadcrumb":{"@id":"https:\/\/empanadasargentinaspamplona.com\/declaracion-de-accesibilidad\/#breadcrumb"},"inLanguage":"en-GB","potentialAction":[{"@type":"ReadAction","target":["https:\/\/empanadasargentinaspamplona.com\/declaracion-de-accesibilidad\/"]}]},{"@type":"BreadcrumbList","@id":"https:\/\/empanadasargentinaspamplona.com\/declaracion-de-accesibilidad\/#breadcrumb","itemListElement":[{"@type":"ListItem","position":1,"name":"Inicio","item":"https:\/\/empanadasargentinaspamplona.com\/"},{"@type":"ListItem","position":2,"name":"Declaracion de accesibilidad"}]},{"@type":"WebSite","@id":"https:\/\/empanadasargentinaspamplona.com\/#website","url":"https:\/\/empanadasargentinaspamplona.com\/","name":"Empanadas Argentinas","description":"Empanadas Argentinas caseras en Pamplona","publisher":{"@id":"https:\/\/empanadasargentinaspamplona.com\/#organization"},"alternateName":"Empanadas Caseras","potentialAction":[{"@type":"SearchAction","target":{"@type":"EntryPoint","urlTemplate":"https:\/\/empanadasargentinaspamplona.com\/?s={search_term_string}"},"query-input":"required name=search_term_string"}],"inLanguage":"en-GB"},{"@type":"Organization","@id":"https:\/\/empanadasargentinaspamplona.com\/#organization","name":"Empanadas Argentinas","alternateName":"empanadas caseras","url":"https:\/\/empanadasargentinaspamplona.com\/","logo":{"@type":"ImageObject","inLanguage":"en-GB","@id":"https:\/\/empanadasargentinaspamplona.com\/#\/schema\/logo\/image\/","url":"https:\/\/empanadasargentinaspamplona.com\/wp-content\/uploads\/2024\/05\/logo-con-espacio.svg","contentUrl":"https:\/\/empanadasargentinaspamplona.com\/wp-content\/uploads\/2024\/05\/logo-con-espacio.svg","width":110,"height":71,"caption":"Empanadas Argentinas"},"image":{"@id":"https:\/\/empanadasargentinaspamplona.com\/#\/schema\/logo\/image\/"},"sameAs":["https:\/\/www.facebook.com\/lasdepichi","https:\/\/www.instagram.com\/lasdepichi\/"]}]}},"_links":{"self":[{"href":"https:\/\/empanadasargentinaspamplona.com\/en\/wp-json\/wp\/v2\/pages\/230","targetHints":{"allow":["GET"]}}],"collection":[{"href":"https:\/\/empanadasargentinaspamplona.com\/en\/wp-json\/wp\/v2\/pages"}],"about":[{"href":"https:\/\/empanadasargentinaspamplona.com\/en\/wp-json\/wp\/v2\/types\/page"}],"author":[{"embeddable":true,"href":"https:\/\/empanadasargentinaspamplona.com\/en\/wp-json\/wp\/v2\/users\/1"}],"replies":[{"embeddable":true,"href":"https:\/\/empanadasargentinaspamplona.com\/en\/wp-json\/wp\/v2\/comments?post=230"}],"version-history":[{"count":19,"href":"https:\/\/empanadasargentinaspamplona.com\/en\/wp-json\/wp\/v2\/pages\/230\/revisions"}],"predecessor-version":[{"id":410,"href":"https:\/\/empanadasargentinaspamplona.com\/en\/wp-json\/wp\/v2\/pages\/230\/revisions\/410"}],"wp:attachment":[{"href":"https:\/\/empanadasargentinaspamplona.com\/en\/wp-json\/wp\/v2\/media?parent=230"}],"curies":[{"name":"wp","href":"https:\/\/api.w.org\/{rel}","templated":true}]}}